{"id":1431,"date":"2025-12-14T13:15:24","date_gmt":"2025-12-14T12:15:24","guid":{"rendered":"https:\/\/caffevero.goldnet.net\/prodotto\/uncategorized\/decaffe-soft-pack\/"},"modified":"2026-01-12T12:38:50","modified_gmt":"2026-01-12T11:38:50","slug":"decaffe-soft-pack","status":"publish","type":"product","link":"https:\/\/caffevero.goldnet.net\/en\/products\/coffee\/ground-coffee\/decaffe-soft-pack\/","title":{"rendered":"Decaff\u00e8 250g"},"content":{"rendered":"<div class=\"scheda-prodotto\">\n<div class=\"colonna sinistra\">\n<h2>COMPOSITION<\/h2>\n<p>Arabica and Robusta<\/p>\n<h2>AROMATIC PROFILE<\/h2>\n<p>Intense<\/p>\n<h2>BODY<\/h2>\n<p>Full<\/p>\n<h2>INTENSITY<\/h2>\n<p>9\/12<\/p>\n<h2>ROAST<\/h2>\n<p>Medium<\/p>\n<\/div>\n<div class=\"colonna destra\">\n<h2>SENSORY ANALYSIS<\/h2>\n<p>In the cup, it has a full body, good consistency and an intense aroma. The blend retains its organoleptic qualities thanks to a natural decaffeination process, offering a well-balanced, rounded coffee. Its lasting crema makes it the perfect choice for those who want a delicious, satisfying break, minus the caffeine.<\/p>\n<h2>MADE IN ITALY (Green coffee of non-EU origin)<\/h2>\n<p>Caff\u00e8 Vero\u2019s soft pack, fitted with a one-way degassing valve, ensures that the coffee is ground just before packaging to preserve its full aroma over time. A sustainable bag, aluminium-free and with minimal plastic content.<\/p>\n<\/div>\n<\/div>\n","protected":false},"excerpt":{"rendered":"<p>All the pleasure of a good coffee, without the caffeine. Decaff\u00e8 Soft Pack is the ideal blend for anyone seeking quality, flavour and creaminess without giving up the authenticity of Italian espresso.<\/p>\n","protected":false},"featured_media":1417,"template":"","meta":[],"product_brand":[],"product_cat":[127,130],"product_tag":[],"class_list":{"0":"post-1431","1":"product","2":"type-product","3":"status-publish","4":"has-post-thumbnail","6":"product_cat-coffee","7":"product_cat-ground-coffee","9":"first","10":"instock","11":"shipping-taxable","12":"purchasable","13":"product-type-simple"},"yoast_head":"<!-- This site is optimized with the Yoast SEO plugin v26.7 - https:\/\/yoast.com\/wordpress\/plugins\/seo\/ -->\n<title>Caff\u00e8 Vero Products | Ground coffee | Decaff\u00e8<\/title>\n<meta name=\"description\" content=\"Decaff\u00e8 Soft Pack is the ideal blend for anyone seeking quality, flavour and creaminess without giving up the authenticity of Italian espresso.\" \/>\n<meta name=\"robots\" content=\"index, follow, max-snippet:-1, max-image-preview:large, max-video-preview:-1\" \/>\n<link rel=\"canonical\" href=\"https:\/\/caffevero.goldnet.net\/en\/products\/coffee\/ground-coffee\/decaffe-soft-pack\/\" \/>\n<meta property=\"og:locale\" content=\"en_US\" \/>\n<meta property=\"og:type\" content=\"article\" \/>\n<meta property=\"og:title\" content=\"Caff\u00e8 Vero Products | Ground coffee | Decaff\u00e8\" \/>\n<meta property=\"og:description\" content=\"Decaff\u00e8 Soft Pack is the ideal blend for anyone seeking quality, flavour and creaminess without giving up the authenticity of Italian espresso.\" \/>\n<meta property=\"og:url\" content=\"https:\/\/caffevero.goldnet.net\/en\/products\/coffee\/ground-coffee\/decaffe-soft-pack\/\" \/>\n<meta property=\"og:site_name\" content=\"Caff\u00e8 Vero\" \/>\n<meta property=\"article:modified_time\" content=\"2026-01-12T11:38:50+00:00\" \/>\n<meta property=\"og:image\" content=\"https:\/\/caffevero.goldnet.net\/wp-content\/uploads\/2025\/05\/caffe-vero-macinato-decaffe-250g-scaled.jpg\" \/>\n\t<meta property=\"og:image:width\" content=\"1706\" \/>\n\t<meta property=\"og:image:height\" content=\"2560\" \/>\n\t<meta property=\"og:image:type\" content=\"image\/jpeg\" \/>\n<meta name=\"twitter:card\" content=\"summary_large_image\" \/>\n<meta name=\"twitter:label1\" content=\"Est. reading time\" \/>\n\t<meta name=\"twitter:data1\" content=\"1 minute\" \/>\n<script type=\"application\/ld+json\" class=\"yoast-schema-graph\">{\"@context\":\"https:\/\/schema.org\",\"@graph\":[{\"@type\":\"WebPage\",\"@id\":\"https:\/\/caffevero.goldnet.net\/en\/products\/coffee\/ground-coffee\/decaffe-soft-pack\/\",\"url\":\"https:\/\/caffevero.goldnet.net\/en\/products\/coffee\/ground-coffee\/decaffe-soft-pack\/\",\"name\":\"Caff\u00e8 Vero Products | Ground coffee | Decaff\u00e8\",\"isPartOf\":{\"@id\":\"https:\/\/caffevero.goldnet.net\/#website\"},\"primaryImageOfPage\":{\"@id\":\"https:\/\/caffevero.goldnet.net\/en\/products\/coffee\/ground-coffee\/decaffe-soft-pack\/#primaryimage\"},\"image\":{\"@id\":\"https:\/\/caffevero.goldnet.net\/en\/products\/coffee\/ground-coffee\/decaffe-soft-pack\/#primaryimage\"},\"thumbnailUrl\":\"https:\/\/caffevero.goldnet.net\/wp-content\/uploads\/2025\/05\/caffe-vero-macinato-decaffe-250g-scaled.jpg\",\"datePublished\":\"2025-12-14T12:15:24+00:00\",\"dateModified\":\"2026-01-12T11:38:50+00:00\",\"description\":\"Decaff\u00e8 Soft Pack is the ideal blend for anyone seeking quality, flavour and creaminess without giving up the authenticity of Italian espresso.\",\"breadcrumb\":{\"@id\":\"https:\/\/caffevero.goldnet.net\/en\/products\/coffee\/ground-coffee\/decaffe-soft-pack\/#breadcrumb\"},\"inLanguage\":\"en-US\",\"potentialAction\":[{\"@type\":\"ReadAction\",\"target\":[\"https:\/\/caffevero.goldnet.net\/en\/products\/coffee\/ground-coffee\/decaffe-soft-pack\/\"]}]},{\"@type\":\"ImageObject\",\"inLanguage\":\"en-US\",\"@id\":\"https:\/\/caffevero.goldnet.net\/en\/products\/coffee\/ground-coffee\/decaffe-soft-pack\/#primaryimage\",\"url\":\"https:\/\/caffevero.goldnet.net\/wp-content\/uploads\/2025\/05\/caffe-vero-macinato-decaffe-250g-scaled.jpg\",\"contentUrl\":\"https:\/\/caffevero.goldnet.net\/wp-content\/uploads\/2025\/05\/caffe-vero-macinato-decaffe-250g-scaled.jpg\",\"width\":1706,\"height\":2560,\"caption\":\"caffe-vero-ground-coffee-decaff\u00e8-250g\"},{\"@type\":\"BreadcrumbList\",\"@id\":\"https:\/\/caffevero.goldnet.net\/en\/products\/coffee\/ground-coffee\/decaffe-soft-pack\/#breadcrumb\",\"itemListElement\":[{\"@type\":\"ListItem\",\"position\":1,\"name\":\"Home\",\"item\":\"https:\/\/caffevero.goldnet.net\/en\/\"},{\"@type\":\"ListItem\",\"position\":2,\"name\":\"Shop\",\"item\":\"https:\/\/caffevero.goldnet.net\/en\/shop\/\"},{\"@type\":\"ListItem\",\"position\":3,\"name\":\"Decaff\u00e8 250g\"}]},{\"@type\":\"WebSite\",\"@id\":\"https:\/\/caffevero.goldnet.net\/#website\",\"url\":\"https:\/\/caffevero.goldnet.net\/\",\"name\":\"Caff\u00e8 Vero\",\"description\":\"\",\"potentialAction\":[{\"@type\":\"SearchAction\",\"target\":{\"@type\":\"EntryPoint\",\"urlTemplate\":\"https:\/\/caffevero.goldnet.net\/?s={search_term_string}\"},\"query-input\":{\"@type\":\"PropertyValueSpecification\",\"valueRequired\":true,\"valueName\":\"search_term_string\"}}],\"inLanguage\":\"en-US\"}]}<\/script>\n<!-- \/ Yoast SEO plugin. -->","yoast_head_json":{"title":"Caff\u00e8 Vero Products | Ground coffee | Decaff\u00e8","description":"Decaff\u00e8 Soft Pack is the ideal blend for anyone seeking quality, flavour and creaminess without giving up the authenticity of Italian espresso.","robots":{"index":"index","follow":"follow","max-snippet":"max-snippet:-1","max-image-preview":"max-image-preview:large","max-video-preview":"max-video-preview:-1"},"canonical":"https:\/\/caffevero.goldnet.net\/en\/products\/coffee\/ground-coffee\/decaffe-soft-pack\/","og_locale":"en_US","og_type":"article","og_title":"Caff\u00e8 Vero Products | Ground coffee | Decaff\u00e8","og_description":"Decaff\u00e8 Soft Pack is the ideal blend for anyone seeking quality, flavour and creaminess without giving up the authenticity of Italian espresso.","og_url":"https:\/\/caffevero.goldnet.net\/en\/products\/coffee\/ground-coffee\/decaffe-soft-pack\/","og_site_name":"Caff\u00e8 Vero","article_modified_time":"2026-01-12T11:38:50+00:00","og_image":[{"width":1706,"height":2560,"url":"https:\/\/caffevero.goldnet.net\/wp-content\/uploads\/2025\/05\/caffe-vero-macinato-decaffe-250g-scaled.jpg","type":"image\/jpeg"}],"twitter_card":"summary_large_image","twitter_misc":{"Est. reading time":"1 minute"},"schema":{"@context":"https:\/\/schema.org","@graph":[{"@type":"WebPage","@id":"https:\/\/caffevero.goldnet.net\/en\/products\/coffee\/ground-coffee\/decaffe-soft-pack\/","url":"https:\/\/caffevero.goldnet.net\/en\/products\/coffee\/ground-coffee\/decaffe-soft-pack\/","name":"Caff\u00e8 Vero Products | Ground coffee | Decaff\u00e8","isPartOf":{"@id":"https:\/\/caffevero.goldnet.net\/#website"},"primaryImageOfPage":{"@id":"https:\/\/caffevero.goldnet.net\/en\/products\/coffee\/ground-coffee\/decaffe-soft-pack\/#primaryimage"},"image":{"@id":"https:\/\/caffevero.goldnet.net\/en\/products\/coffee\/ground-coffee\/decaffe-soft-pack\/#primaryimage"},"thumbnailUrl":"https:\/\/caffevero.goldnet.net\/wp-content\/uploads\/2025\/05\/caffe-vero-macinato-decaffe-250g-scaled.jpg","datePublished":"2025-12-14T12:15:24+00:00","dateModified":"2026-01-12T11:38:50+00:00","description":"Decaff\u00e8 Soft Pack is the ideal blend for anyone seeking quality, flavour and creaminess without giving up the authenticity of Italian espresso.","breadcrumb":{"@id":"https:\/\/caffevero.goldnet.net\/en\/products\/coffee\/ground-coffee\/decaffe-soft-pack\/#breadcrumb"},"inLanguage":"en-US","potentialAction":[{"@type":"ReadAction","target":["https:\/\/caffevero.goldnet.net\/en\/products\/coffee\/ground-coffee\/decaffe-soft-pack\/"]}]},{"@type":"ImageObject","inLanguage":"en-US","@id":"https:\/\/caffevero.goldnet.net\/en\/products\/coffee\/ground-coffee\/decaffe-soft-pack\/#primaryimage","url":"https:\/\/caffevero.goldnet.net\/wp-content\/uploads\/2025\/05\/caffe-vero-macinato-decaffe-250g-scaled.jpg","contentUrl":"https:\/\/caffevero.goldnet.net\/wp-content\/uploads\/2025\/05\/caffe-vero-macinato-decaffe-250g-scaled.jpg","width":1706,"height":2560,"caption":"caffe-vero-ground-coffee-decaff\u00e8-250g"},{"@type":"BreadcrumbList","@id":"https:\/\/caffevero.goldnet.net\/en\/products\/coffee\/ground-coffee\/decaffe-soft-pack\/#breadcrumb","itemListElement":[{"@type":"ListItem","position":1,"name":"Home","item":"https:\/\/caffevero.goldnet.net\/en\/"},{"@type":"ListItem","position":2,"name":"Shop","item":"https:\/\/caffevero.goldnet.net\/en\/shop\/"},{"@type":"ListItem","position":3,"name":"Decaff\u00e8 250g"}]},{"@type":"WebSite","@id":"https:\/\/caffevero.goldnet.net\/#website","url":"https:\/\/caffevero.goldnet.net\/","name":"Caff\u00e8 Vero","description":"","potentialAction":[{"@type":"SearchAction","target":{"@type":"EntryPoint","urlTemplate":"https:\/\/caffevero.goldnet.net\/?s={search_term_string}"},"query-input":{"@type":"PropertyValueSpecification","valueRequired":true,"valueName":"search_term_string"}}],"inLanguage":"en-US"}]}},"_links":{"self":[{"href":"https:\/\/caffevero.goldnet.net\/en\/wp-json\/wp\/v2\/product\/1431","targetHints":{"allow":["GET"]}}],"collection":[{"href":"https:\/\/caffevero.goldnet.net\/en\/wp-json\/wp\/v2\/product"}],"about":[{"href":"https:\/\/caffevero.goldnet.net\/en\/wp-json\/wp\/v2\/types\/product"}],"wp:featuredmedia":[{"embeddable":true,"href":"https:\/\/caffevero.goldnet.net\/en\/wp-json\/wp\/v2\/media\/1417"}],"wp:attachment":[{"href":"https:\/\/caffevero.goldnet.net\/en\/wp-json\/wp\/v2\/media?parent=1431"}],"wp:term":[{"taxonomy":"product_brand","embeddable":true,"href":"https:\/\/caffevero.goldnet.net\/en\/wp-json\/wp\/v2\/product_brand?post=1431"},{"taxonomy":"product_cat","embeddable":true,"href":"https:\/\/caffevero.goldnet.net\/en\/wp-json\/wp\/v2\/product_cat?post=1431"},{"taxonomy":"product_tag","embeddable":true,"href":"https:\/\/caffevero.goldnet.net\/en\/wp-json\/wp\/v2\/product_tag?post=1431"}],"curies":[{"name":"wp","href":"https:\/\/api.w.org\/{rel}","templated":true}]}}