{"id":1245,"date":"2025-12-15T16:14:02","date_gmt":"2025-12-15T15:14:02","guid":{"rendered":"https:\/\/caffevero.goldnet.net\/prodotto\/uncategorized\/mandorli\/"},"modified":"2025-12-18T14:30:54","modified_gmt":"2025-12-18T13:30:54","slug":"mandorli","status":"publish","type":"product","link":"https:\/\/caffevero.goldnet.net\/en\/products\/biscuits-and-porcelain\/mandorli\/","title":{"rendered":"Mandorl\u00ec"},"content":{"rendered":"<div class=\"scheda-prodotto\">\n<div class=\"colonna sinistra\">\n<h2>PRODUCT INFORMATION<\/h2>\n<p>A biscuit that captures all the sweetness of caramel in a perfect balance of flavour and aroma. Made with flour, icing sugar and a hint of selected spices, Caff\u00e8 Vero\u2019s Caramel Biscuit is created to accompany coffee with a refined, indulgent touch.<br \/>\nIts crunchy texture brings out the smooth sweetness of caramel, offering a unique experience with every bite. Made with quality ingredients, it\u2019s perfect for a little indulgence during your coffee break or to surprise your guests with something a little special.\n<\/p><\/div>\n<div class=\"colonna destra\">\n<h2>INGREDIENTS<\/h2>\n<p>Type \u201c0\u201d WHEAT flour,<br \/>\nicing sugar (sugar, corn starch 3%), vegetable margarine (vegetable fats: palm; water), water, glucose syrup, raising agents (sodium bicarbonate, ammonium bicarbonate), spices, caramel, salt, flavourings.<br \/>\nMay contain traces of MILK, EGGS, NUTS, MUSTARD, and SOYA.<\/p>\n<\/div>\n<\/div>\n","protected":false},"excerpt":{"rendered":"<p>The ideal companion for your coffee break: a crunchy, fragrant caramel biscuit that brings together sweetness and authentic flavour in a little daily treat. Perfect served with espresso or enjoyed at any time of day.<\/p>\n","protected":false},"featured_media":1243,"template":"","meta":[],"product_brand":[],"product_cat":[125],"product_tag":[],"class_list":{"0":"post-1245","1":"product","2":"type-product","3":"status-publish","4":"has-post-thumbnail","6":"product_cat-biscuits-and-porcelain","8":"first","9":"outofstock","10":"shipping-taxable","11":"product-type-simple"},"yoast_head":"<!-- This site is optimized with the Yoast SEO plugin v26.7 - https:\/\/yoast.com\/wordpress\/plugins\/seo\/ -->\n<title>Caff\u00e8 Vero Products | Biscuits | Mandorl\u00ec<\/title>\n<meta name=\"description\" content=\"Mandorl\u00ec are toasted almonds covered in smooth milk chocolate with a truffled finish, combining crunch and sweetness in every bite.\" \/>\n<meta name=\"robots\" content=\"index, follow, max-snippet:-1, max-image-preview:large, max-video-preview:-1\" \/>\n<link rel=\"canonical\" href=\"https:\/\/caffevero.goldnet.net\/en\/products\/biscuits-and-porcelain\/mandorli\/\" \/>\n<meta property=\"og:locale\" content=\"en_US\" \/>\n<meta property=\"og:type\" content=\"article\" \/>\n<meta property=\"og:title\" content=\"Caff\u00e8 Vero Products | Biscuits | Mandorl\u00ec\" \/>\n<meta property=\"og:description\" content=\"Mandorl\u00ec are toasted almonds covered in smooth milk chocolate with a truffled finish, combining crunch and sweetness in every bite.\" \/>\n<meta property=\"og:url\" content=\"https:\/\/caffevero.goldnet.net\/en\/products\/biscuits-and-porcelain\/mandorli\/\" \/>\n<meta property=\"og:site_name\" content=\"Caff\u00e8 Vero\" \/>\n<meta property=\"article:modified_time\" content=\"2025-12-18T13:30:54+00:00\" \/>\n<meta property=\"og:image\" content=\"https:\/\/caffevero.goldnet.net\/wp-content\/uploads\/2025\/12\/caffe-vero-biscotti-mandorli-400pz-scaled.jpg\" \/>\n\t<meta property=\"og:image:width\" content=\"1706\" \/>\n\t<meta property=\"og:image:height\" content=\"2560\" \/>\n\t<meta property=\"og:image:type\" content=\"image\/jpeg\" \/>\n<meta name=\"twitter:card\" content=\"summary_large_image\" \/>\n<meta name=\"twitter:label1\" content=\"Est. reading time\" \/>\n\t<meta name=\"twitter:data1\" content=\"1 minute\" \/>\n<script type=\"application\/ld+json\" class=\"yoast-schema-graph\">{\"@context\":\"https:\/\/schema.org\",\"@graph\":[{\"@type\":\"WebPage\",\"@id\":\"https:\/\/caffevero.goldnet.net\/en\/products\/biscuits-and-porcelain\/mandorli\/\",\"url\":\"https:\/\/caffevero.goldnet.net\/en\/products\/biscuits-and-porcelain\/mandorli\/\",\"name\":\"Caff\u00e8 Vero Products | Biscuits | Mandorl\u00ec\",\"isPartOf\":{\"@id\":\"https:\/\/caffevero.goldnet.net\/#website\"},\"primaryImageOfPage\":{\"@id\":\"https:\/\/caffevero.goldnet.net\/en\/products\/biscuits-and-porcelain\/mandorli\/#primaryimage\"},\"image\":{\"@id\":\"https:\/\/caffevero.goldnet.net\/en\/products\/biscuits-and-porcelain\/mandorli\/#primaryimage\"},\"thumbnailUrl\":\"https:\/\/caffevero.goldnet.net\/wp-content\/uploads\/2025\/12\/caffe-vero-biscotti-mandorli-400pz-scaled.jpg\",\"datePublished\":\"2025-12-15T15:14:02+00:00\",\"dateModified\":\"2025-12-18T13:30:54+00:00\",\"description\":\"Mandorl\u00ec are toasted almonds covered in smooth milk chocolate with a truffled finish, combining crunch and sweetness in every bite.\",\"breadcrumb\":{\"@id\":\"https:\/\/caffevero.goldnet.net\/en\/products\/biscuits-and-porcelain\/mandorli\/#breadcrumb\"},\"inLanguage\":\"en-US\",\"potentialAction\":[{\"@type\":\"ReadAction\",\"target\":[\"https:\/\/caffevero.goldnet.net\/en\/products\/biscuits-and-porcelain\/mandorli\/\"]}]},{\"@type\":\"ImageObject\",\"inLanguage\":\"en-US\",\"@id\":\"https:\/\/caffevero.goldnet.net\/en\/products\/biscuits-and-porcelain\/mandorli\/#primaryimage\",\"url\":\"https:\/\/caffevero.goldnet.net\/wp-content\/uploads\/2025\/12\/caffe-vero-biscotti-mandorli-400pz-scaled.jpg\",\"contentUrl\":\"https:\/\/caffevero.goldnet.net\/wp-content\/uploads\/2025\/12\/caffe-vero-biscotti-mandorli-400pz-scaled.jpg\",\"width\":1706,\"height\":2560,\"caption\":\"caffe-vero-biscuits-mandorli-400pcs\"},{\"@type\":\"BreadcrumbList\",\"@id\":\"https:\/\/caffevero.goldnet.net\/en\/products\/biscuits-and-porcelain\/mandorli\/#breadcrumb\",\"itemListElement\":[{\"@type\":\"ListItem\",\"position\":1,\"name\":\"Home\",\"item\":\"https:\/\/caffevero.goldnet.net\/en\/\"},{\"@type\":\"ListItem\",\"position\":2,\"name\":\"Shop\",\"item\":\"https:\/\/caffevero.goldnet.net\/en\/shop\/\"},{\"@type\":\"ListItem\",\"position\":3,\"name\":\"Mandorl\u00ec\"}]},{\"@type\":\"WebSite\",\"@id\":\"https:\/\/caffevero.goldnet.net\/#website\",\"url\":\"https:\/\/caffevero.goldnet.net\/\",\"name\":\"Caff\u00e8 Vero\",\"description\":\"\",\"potentialAction\":[{\"@type\":\"SearchAction\",\"target\":{\"@type\":\"EntryPoint\",\"urlTemplate\":\"https:\/\/caffevero.goldnet.net\/?s={search_term_string}\"},\"query-input\":{\"@type\":\"PropertyValueSpecification\",\"valueRequired\":true,\"valueName\":\"search_term_string\"}}],\"inLanguage\":\"en-US\"}]}<\/script>\n<!-- \/ Yoast SEO plugin. -->","yoast_head_json":{"title":"Caff\u00e8 Vero Products | Biscuits | Mandorl\u00ec","description":"Mandorl\u00ec are toasted almonds covered in smooth milk chocolate with a truffled finish, combining crunch and sweetness in every bite.","robots":{"index":"index","follow":"follow","max-snippet":"max-snippet:-1","max-image-preview":"max-image-preview:large","max-video-preview":"max-video-preview:-1"},"canonical":"https:\/\/caffevero.goldnet.net\/en\/products\/biscuits-and-porcelain\/mandorli\/","og_locale":"en_US","og_type":"article","og_title":"Caff\u00e8 Vero Products | Biscuits | Mandorl\u00ec","og_description":"Mandorl\u00ec are toasted almonds covered in smooth milk chocolate with a truffled finish, combining crunch and sweetness in every bite.","og_url":"https:\/\/caffevero.goldnet.net\/en\/products\/biscuits-and-porcelain\/mandorli\/","og_site_name":"Caff\u00e8 Vero","article_modified_time":"2025-12-18T13:30:54+00:00","og_image":[{"width":1706,"height":2560,"url":"https:\/\/caffevero.goldnet.net\/wp-content\/uploads\/2025\/12\/caffe-vero-biscotti-mandorli-400pz-scaled.jpg","type":"image\/jpeg"}],"twitter_card":"summary_large_image","twitter_misc":{"Est. reading time":"1 minute"},"schema":{"@context":"https:\/\/schema.org","@graph":[{"@type":"WebPage","@id":"https:\/\/caffevero.goldnet.net\/en\/products\/biscuits-and-porcelain\/mandorli\/","url":"https:\/\/caffevero.goldnet.net\/en\/products\/biscuits-and-porcelain\/mandorli\/","name":"Caff\u00e8 Vero Products | Biscuits | Mandorl\u00ec","isPartOf":{"@id":"https:\/\/caffevero.goldnet.net\/#website"},"primaryImageOfPage":{"@id":"https:\/\/caffevero.goldnet.net\/en\/products\/biscuits-and-porcelain\/mandorli\/#primaryimage"},"image":{"@id":"https:\/\/caffevero.goldnet.net\/en\/products\/biscuits-and-porcelain\/mandorli\/#primaryimage"},"thumbnailUrl":"https:\/\/caffevero.goldnet.net\/wp-content\/uploads\/2025\/12\/caffe-vero-biscotti-mandorli-400pz-scaled.jpg","datePublished":"2025-12-15T15:14:02+00:00","dateModified":"2025-12-18T13:30:54+00:00","description":"Mandorl\u00ec are toasted almonds covered in smooth milk chocolate with a truffled finish, combining crunch and sweetness in every bite.","breadcrumb":{"@id":"https:\/\/caffevero.goldnet.net\/en\/products\/biscuits-and-porcelain\/mandorli\/#breadcrumb"},"inLanguage":"en-US","potentialAction":[{"@type":"ReadAction","target":["https:\/\/caffevero.goldnet.net\/en\/products\/biscuits-and-porcelain\/mandorli\/"]}]},{"@type":"ImageObject","inLanguage":"en-US","@id":"https:\/\/caffevero.goldnet.net\/en\/products\/biscuits-and-porcelain\/mandorli\/#primaryimage","url":"https:\/\/caffevero.goldnet.net\/wp-content\/uploads\/2025\/12\/caffe-vero-biscotti-mandorli-400pz-scaled.jpg","contentUrl":"https:\/\/caffevero.goldnet.net\/wp-content\/uploads\/2025\/12\/caffe-vero-biscotti-mandorli-400pz-scaled.jpg","width":1706,"height":2560,"caption":"caffe-vero-biscuits-mandorli-400pcs"},{"@type":"BreadcrumbList","@id":"https:\/\/caffevero.goldnet.net\/en\/products\/biscuits-and-porcelain\/mandorli\/#breadcrumb","itemListElement":[{"@type":"ListItem","position":1,"name":"Home","item":"https:\/\/caffevero.goldnet.net\/en\/"},{"@type":"ListItem","position":2,"name":"Shop","item":"https:\/\/caffevero.goldnet.net\/en\/shop\/"},{"@type":"ListItem","position":3,"name":"Mandorl\u00ec"}]},{"@type":"WebSite","@id":"https:\/\/caffevero.goldnet.net\/#website","url":"https:\/\/caffevero.goldnet.net\/","name":"Caff\u00e8 Vero","description":"","potentialAction":[{"@type":"SearchAction","target":{"@type":"EntryPoint","urlTemplate":"https:\/\/caffevero.goldnet.net\/?s={search_term_string}"},"query-input":{"@type":"PropertyValueSpecification","valueRequired":true,"valueName":"search_term_string"}}],"inLanguage":"en-US"}]}},"_links":{"self":[{"href":"https:\/\/caffevero.goldnet.net\/en\/wp-json\/wp\/v2\/product\/1245","targetHints":{"allow":["GET"]}}],"collection":[{"href":"https:\/\/caffevero.goldnet.net\/en\/wp-json\/wp\/v2\/product"}],"about":[{"href":"https:\/\/caffevero.goldnet.net\/en\/wp-json\/wp\/v2\/types\/product"}],"wp:featuredmedia":[{"embeddable":true,"href":"https:\/\/caffevero.goldnet.net\/en\/wp-json\/wp\/v2\/media\/1243"}],"wp:attachment":[{"href":"https:\/\/caffevero.goldnet.net\/en\/wp-json\/wp\/v2\/media?parent=1245"}],"wp:term":[{"taxonomy":"product_brand","embeddable":true,"href":"https:\/\/caffevero.goldnet.net\/en\/wp-json\/wp\/v2\/product_brand?post=1245"},{"taxonomy":"product_cat","embeddable":true,"href":"https:\/\/caffevero.goldnet.net\/en\/wp-json\/wp\/v2\/product_cat?post=1245"},{"taxonomy":"product_tag","embeddable":true,"href":"https:\/\/caffevero.goldnet.net\/en\/wp-json\/wp\/v2\/product_tag?post=1245"}],"curies":[{"name":"wp","href":"https:\/\/api.w.org\/{rel}","templated":true}]}}